
{"id":19,"date":"2014-05-22T10:19:44","date_gmt":"2014-05-22T10:19:44","guid":{"rendered":"http:\/\/auto.consultaweb.org\/wordpress\/?page_id=19"},"modified":"2015-04-28T11:22:23","modified_gmt":"2015-04-28T11:22:23","slug":"que-es","status":"publish","type":"page","link":"https:\/\/auto.consultaweb.org\/wordpress\/?page_id=19","title":{"rendered":"FAQ de la Auto-Consulta"},"content":{"rendered":"<p class=\"Estilo46\" style=\"font-weight: bold; color: #1c6103; text-align: justify;\" align=\"center\"><span style=\"color: #000000;\"><strong>\u00bfQu\u00e9 es la Auto-Consulta?<\/strong><\/span><\/p>\n<p style=\"color: #1c6103; text-align: justify;\" align=\"justify\"><span style=\"color: #000000;\">Una novedosa propuesta\u00a0de\u00a0<strong>participaci\u00f3n ciudadana\u00a0<\/strong>que puede hacer cambiar muchas cosas.<\/span><\/p>\n<p style=\"color: #1c6103; text-align: justify;\" align=\"justify\"><span style=\"color: #000000;\"><strong>\u00bfQu\u00e9 tiene de novedoso la Auto-Consulta?<\/strong><\/span><\/p>\n<p style=\"color: #1c6103; text-align: justify;\" align=\"justify\"><span style=\"color: #000000;\">La posibilidad de\u00a0<strong>ponerse de acuerdo\u00a0<\/strong>f\u00e1cilmente y en corto tiempo entre miles, incluso millones de personas.<\/span><\/p>\n<p style=\"color: #1c6103; text-align: justify;\" align=\"justify\"><span style=\"color: #000000;\"><strong>\u00bfPor qu\u00e9 el nombre de Auto-Consulta?<\/strong><\/span><\/p>\n<p style=\"color: #1c6103; text-align: justify;\" align=\"justify\"><span style=\"color: #000000;\">Porque es la\u00a0<strong>propia gente la que decide\u00a0<\/strong>sobre qu\u00e9 temas hablar y qu\u00e9 temas consultar. Es un concepto nuevo no conocido hasta ahora. Nadie pone previamente las preguntas, es la gente quien lo hace.<\/span><\/p>\n<p style=\"color: #1c6103; text-align: justify;\" align=\"justify\"><span style=\"color: #000000;\"><strong>\u00bfQu\u00e9 va a resolver la Auto-Consulta?<\/strong><\/span><\/p>\n<p style=\"color: #1c6103; text-align: justify;\" align=\"justify\"><span style=\"color: #000000;\">Cosas hasta ahora impensables. Podr\u00e1 sacar a la luz lo que a los espa\u00f1oles m\u00e1s les preocupa, o lo que piensan de: el gobierno, la oposici\u00f3n, lo que llaman crisis, etc. Podr\u00edan conocerse las soluciones que propone la gente o qu\u00e9 temas se ven m\u00e1s urgentes de resolver. En s\u00edntesis, cu\u00e1les son las prioridades ciudadanas. Pero ahora sin intermediaci\u00f3n y sin interpretaci\u00f3n, gestionado directamente por la ciudadan\u00eda.<\/span><\/p>\n<p style=\"color: #1c6103; text-align: justify;\" align=\"justify\"><span style=\"color: #000000;\"><strong>\u00bfC\u00f3mo lo hace?<\/strong><\/span><\/p>\n<p style=\"color: #1c6103; text-align: justify;\" align=\"justify\"><span style=\"color: #000000;\">Se apoya en herramientas inform\u00e1ticas, una de ellas\u00a0<strong>Appgree<\/strong>, en esta web y en las redes sociales.<\/span><\/p>\n<p style=\"color: #1c6103; text-align: justify;\" align=\"justify\"><span style=\"color: #000000;\"><strong>\u00bfQu\u00e9 es Appgree?<\/strong><\/span><\/p>\n<p style=\"color: #1c6103; text-align: justify;\" align=\"justify\"><span style=\"color: #000000;\">Appgree es un\u00a0<strong>nuevo medio de comunicaci\u00f3n\u00a0<\/strong>que da voz a\u00a0<strong>grupos\u00a0<\/strong>de cualquier tama\u00f1o, y con ello la posibilidad de participar en nuevas situaciones de comunicaci\u00f3n.\u00a0Permite encontrar r\u00e1pidamente los\u00a0<strong>intereses comunes\u00a0<\/strong>de amplios conjuntos de personas, de una forma simple y en poco tiempo. Su funcionamiento hace posible que\u00a0<strong>miles o millones de personas\u00a0<\/strong>puedan ponerse de acuerdo sobre cualquier tema, en cuesti\u00f3n de segundos.\u00a0<a style=\"color: #bbffe0;\" href=\"http:\/\/www.appgree.com\/que-es-appgree\/\"><span style=\"color: #000000;\">(ver m\u00e1s)<\/span><\/a><\/span><\/p>\n<p style=\"color: #1c6103; text-align: justify;\" align=\"justify\"><span style=\"color: #000000;\"><strong>\u00bfPara qu\u00e9 la Auto-Consulta?<\/strong><\/span><\/p>\n<p style=\"color: #1c6103; text-align: justify;\" align=\"justify\"><span style=\"color: #000000;\">Para que los propios ciudadanos puedan descubrir cu\u00e1les son\u00a0<strong>sus intereses, sus necesidades, sus aspiraciones, de manera directa sin la intermediaci\u00f3n\u00a0<\/strong>de los que han venido interpretando todo esto hasta ahora, es decir los gobiernos, los partidos, los medios de comunicaci\u00f3n y las empresas de sondeos de opini\u00f3n a su servicio.\u00a0\u00a0\u00a0<\/span><\/p>\n<p style=\"color: #1c6103; text-align: justify;\" align=\"justify\"><span style=\"color: #000000;\"><strong>\u00bfHay antecedentes de Auto-Consulta?<\/strong><\/span><\/p>\n<p style=\"color: #1c6103; text-align: justify;\" align=\"justify\"><span style=\"color: #000000;\">Aunque no podemos decir que son exactamente lo mismo, las urnas en la puerta del Sol de aquellos primeros d\u00edas del 15M, el Refer\u00e9ndum sobre la privatizaci\u00f3n del agua que se impuls\u00f3 en Madrid el 2012 y la Consulta por la Sanidad P\u00fablica en la CAM de mayo del 2013, fueron precedentes de \u201cauto-consultas\u201d realizadas por ciudadanos que se auto-organizaron. La Auto-Consulta comparte con ellos el mismo inter\u00e9s de dar la voz a la gente, aunque como herramienta es algo mucho m\u00e1s avanzado y potente que todo lo conocido hasta ahora.<\/span><\/p>\n<p style=\"color: #1c6103; text-align: justify;\" align=\"justify\"><span style=\"color: #000000;\"><strong>\u00bfQui\u00e9n impulsa la Auto-Consulta?<\/strong><\/span><\/p>\n<p style=\"color: #1c6103; text-align: justify;\" align=\"justify\"><span style=\"color: #000000;\">Igual que en los casos anteriores, y que en otros grupos del 15M, la impulsa un grupo de ciudadanos que se constituyen en un grupo de trabajo abierto. En este caso algunos componentes acumulan la experiencia de haber participado organizando el refer\u00e9ndum del agua (contra la privatizaci\u00f3n del Canal de Isabel II en Madrid) y Consulta Por La Sanidad en la CAM.<\/span><\/p>\n<p style=\"color: #1c6103; text-align: justify;\" align=\"justify\"><span style=\"color: #000000;\"><strong>\u00bfC\u00f3mo hago para apoyar el Grupo de Trabajo de la Auto-Consulta?<\/strong><\/span><\/p>\n<p style=\"color: #1c6103; text-align: justify;\" align=\"justify\"><span style=\"color: #000000;\">En la web de Auto-Consulta Ciudadana hay (en breve) una pesta\u00f1a para aquellos que quieran participar en el Grupo de Trabajo de la Auto-Consulta Ciudadana. Necesitamos muchas manos para temas inform\u00e1ticos, de redacci\u00f3n, de dise\u00f1os tanto de web como gr\u00e1ficos, gestores e redes sociales, documentaci\u00f3n, relaciones, prensa, etc.<\/span><\/p>\n<p style=\"color: #1c6103; text-align: justify;\" align=\"justify\"><span style=\"color: #000000;\"><strong>\u00bfC\u00f3mo pueden participar los colectivos en la Auto-Consulta?<\/strong><\/span><\/p>\n<p style=\"color: #1c6103; text-align: justify;\" align=\"justify\"><span style=\"color: #000000;\">Difundiendo entre sus miembros la propuesta de la Auto-Consulta. Pero la mejor manera es implementando en su propio colectivo la cultura de la\u201cauto-consulta\u201d. Hoy existen variadas herramientas colaborativas que pueden usarse seg\u00fan la magnitud del colectivo y forma de trabajo. Habr\u00e1 una pesta\u00f1a en la web donde se podr\u00e1 mostrar el apoyo de manera explicita a la Auto-Consulta Ciudadana.<\/span><\/p>\n<p style=\"color: #1c6103; text-align: justify;\" align=\"justify\"><span style=\"color: #000000;\"><strong>\u00bfSobre qu\u00e9 temas se realizan las Auto-Consultas?<\/strong><\/span><\/p>\n<p style=\"color: #1c6103; text-align: justify;\" align=\"justify\"><span style=\"color: #000000;\">Sobre\u00a0<strong>los temas que los ciudadanos decidan.\u00a0<\/strong>En la web hay una parte donde se pide opini\u00f3n y se pueden subir iniciativas de consulta sobre temas y sobre personas, asociaciones o instituciones que quieran someterse a la Consulta Ciudadana. El inter\u00e9s es que los propios ciudadanos pongan los temas y las personas que m\u00e1s les interesan.<\/span><\/p>\n<p style=\"color: #1c6103; text-align: justify;\" align=\"justify\"><span style=\"color: #000000;\"><strong>\u00bfD\u00f3nde se ver\u00e1n los resultados de las Auto-Consultas?<\/strong><\/span><\/p>\n<p style=\"color: #1c6103; text-align: justify;\" align=\"justify\"><span style=\"color: #000000;\">Al hacer la Auto-Consulta,\u00a0<strong>los que participan tienen los resultados en el mismo momento.\u00a0<\/strong>Adem\u00e1s en la Web hay una secci\u00f3n donde se van dejando\u00a0<strong>los resultados de las sucesivas Auto-Consultas.<\/strong><\/span><\/p>\n<p style=\"color: #1c6103; text-align: justify;\" align=\"justify\"><span style=\"color: #000000;\"><strong>\u00bfCu\u00e1l es el l\u00edmite num\u00e9rico de la Auto-Consulta en simult\u00e1neo?<\/strong><\/span><\/p>\n<p style=\"color: #1c6103; text-align: justify;\" align=\"justify\"><span style=\"color: #000000;\">Pueden ser miles, incluso millones de personas las que pueden interactuar en simult\u00e1neo en tiempo real.<\/span><\/p>\n<p style=\"color: #1c6103; text-align: justify;\" align=\"justify\"><span style=\"color: #000000;\"><strong>\u00bfC\u00f3mo dar a conocer esta herramienta?<\/strong><\/span><\/p>\n<p style=\"color: #1c6103; text-align: justify;\" align=\"justify\"><span style=\"color: #000000;\">Ay\u00fadanos a que se\u00a0<strong>difunda entre tus amigos y contactos\u00a0<\/strong>para que cada uno pueda decidir si quiere participar o no. Pensamos que en alg\u00fan momento llegar\u00e1 a popularizarse tanto como otras herramientas y aplicaciones que hasta hace muy poco eran desconocidas y todo el mundo las maneja en poco tiempo.<\/span><\/p>\n<p style=\"color: #1c6103; text-align: justify;\" align=\"justify\"><span style=\"color: #000000;\"><strong>\u00bfC\u00f3mo funciona la parte econ\u00f3mica?<\/strong><\/span><\/p>\n<p style=\"color: #1c6103; text-align: justify;\" align=\"justify\"><span style=\"color: #000000;\">Todos aportamos voluntariamente nuestro trabajo y no tenemos que soportar gasto alguno excepto el de alquiler de servidores, dominios, soportes inform\u00e1ticos y material de papeler\u00eda y reprograf\u00eda. Estos los resolvemos mediante\u00a0<strong>micro-aportaciones<\/strong>\u00a0personales por medio del\u00a0<strong>crowdfunding<\/strong>. Appgree colabora cediendo sus canales gratuitamente.<\/span><\/p>\n","protected":false},"excerpt":{"rendered":"<p>\u00bfQu\u00e9 es la Auto-Consulta? Una novedosa propuesta\u00a0de\u00a0participaci\u00f3n ciudadana\u00a0que puede hacer cambiar muchas cosas. \u00bfQu\u00e9 tiene de novedoso la Auto-Consulta? La posibilidad de\u00a0ponerse de acuerdo\u00a0f\u00e1cilmente y en corto tiempo entre miles, incluso millones de personas. \u00bfPor qu\u00e9 el nombre de Auto-Consulta? Porque es la\u00a0propia gente la que decide\u00a0sobre qu\u00e9 temas hablar y qu\u00e9 temas consultar. Es <a href='https:\/\/auto.consultaweb.org\/wordpress\/?page_id=19' class='excerpt-more'>[&#8230;]<\/a><\/p>\n","protected":false},"author":2,"featured_media":0,"parent":0,"menu_order":0,"comment_status":"closed","ping_status":"closed","template":"","meta":{"footnotes":""},"class_list":["post-19","page","type-page","status-publish","hentry","post-seq-1","post-parity-odd","meta-position-corners","fix"],"jetpack_sharing_enabled":true,"jetpack_shortlink":"https:\/\/wp.me\/P4G9U9-j","_links":{"self":[{"href":"https:\/\/auto.consultaweb.org\/wordpress\/index.php?rest_route=\/wp\/v2\/pages\/19","targetHints":{"allow":["GET"]}}],"collection":[{"href":"https:\/\/auto.consultaweb.org\/wordpress\/index.php?rest_route=\/wp\/v2\/pages"}],"about":[{"href":"https:\/\/auto.consultaweb.org\/wordpress\/index.php?rest_route=\/wp\/v2\/types\/page"}],"author":[{"embeddable":true,"href":"https:\/\/auto.consultaweb.org\/wordpress\/index.php?rest_route=\/wp\/v2\/users\/2"}],"replies":[{"embeddable":true,"href":"https:\/\/auto.consultaweb.org\/wordpress\/index.php?rest_route=%2Fwp%2Fv2%2Fcomments&post=19"}],"version-history":[{"count":5,"href":"https:\/\/auto.consultaweb.org\/wordpress\/index.php?rest_route=\/wp\/v2\/pages\/19\/revisions"}],"predecessor-version":[{"id":274,"href":"https:\/\/auto.consultaweb.org\/wordpress\/index.php?rest_route=\/wp\/v2\/pages\/19\/revisions\/274"}],"wp:attachment":[{"href":"https:\/\/auto.consultaweb.org\/wordpress\/index.php?rest_route=%2Fwp%2Fv2%2Fmedia&parent=19"}],"curies":[{"name":"wp","href":"https:\/\/api.w.org\/{rel}","templated":true}]}}