
{"id":17,"date":"2014-05-22T10:18:07","date_gmt":"2014-05-22T10:18:07","guid":{"rendered":"http:\/\/auto.consultaweb.org\/wordpress\/?page_id=17"},"modified":"2014-05-25T14:26:57","modified_gmt":"2014-05-25T14:26:57","slug":"participa","status":"publish","type":"page","link":"https:\/\/auto.consultaweb.org\/wordpress\/?page_id=17","title":{"rendered":"Participa"},"content":{"rendered":"<table width=\"90%\" cellspacing=\"7\" cellpadding=\"7\">\n<tbody>\n<tr>\n<td>\n<p align=\"justify\">Funcionamos como grupo de trabajo abierto para lanzar el proyecto adelante.<\/p>\n<p align=\"justify\"><strong>Si te gusta la idea y estas de acuerdo con el n\u00facleo del proyecto, puedes colaborar:<\/strong><\/p>\n<p>&#8211; en inform\u00e1tica con dise\u00f1o web, bases de datos, etc,<br \/>\n&#8211; en comunicaci\u00f3n haciendo textos, videos, dise\u00f1o grafico, prensa, etc.<br \/>\n&#8211; en redes sociales como Facebook, Twitter o Instagram.<br \/>\n&#8211; en extensi\u00f3n en otros colectivos o asambleas.<br \/>\n&#8211; en cuestiones legales.<br \/>\n&#8211; en general con tu, apoyo, comentarios o propuestas de consultas etc.<\/p>\n<p style=\"text-align: justify;\" align=\"justify\">Toda idea ser\u00e1 bienvenida, pero lo importante en el\u00a0\u00a0este grupo de trabajo ser\u00e1 precisamente eso, el trabajo, el aporte que pueda hacerse al trabajo conjunto. En el campo \u00abM\u00e1s detalles\u00bb del formulario y posteriores puedes detallar m\u00e1s tu participaci\u00f3n, disponibilidad semanal, en que colectivos te mueves, si tienes twitter, etc. Si quieres participar en m\u00e1s de un tema d\u00ednoslo tambi\u00e9n en ese campo.<\/p>\n<p style=\"text-align: justify;\" align=\"justify\">Si simplemente quieres hacer un comentario abierto y gen\u00e9rico sobre el proyecto o esta web, no hace falta que uses el formulario, puedes comentar esta misma entrada en \u00abA\u00f1adir comentario\u00bb.<\/p>\n<p style=\"text-align: justify;\" align=\"justify\">Para aportar\u00a0ideas o sugerir (o apoyar) preguntas que creas que sean interesantes para las autoconsultas puedes usar esta <a href=\"http:\/\/auto.consultaweb.org\/?page_id=187\">otra p\u00e1gina<\/a>.<\/p>\n<p style=\"text-align: justify;\" align=\"justify\">En cualquier caso, gracias por participar \ud83d\ude09<\/p>\n<\/td>\n<\/tr>\n<\/tbody>\n<\/table>\n<p><strong>FORMULARIO DE PARTICIPACI\u00d3N<\/strong><\/p>\n<p>[PHP-participar]<\/p>\n","protected":false},"excerpt":{"rendered":"<p>Funcionamos como grupo de trabajo abierto para lanzar el proyecto adelante. Si te gusta la idea y estas de acuerdo con el n\u00facleo del proyecto, puedes colaborar: &#8211; en inform\u00e1tica con dise\u00f1o web, bases de datos, etc, &#8211; en comunicaci\u00f3n haciendo textos, videos, dise\u00f1o grafico, prensa, etc. &#8211; en redes sociales como Facebook, Twitter o <a href='https:\/\/auto.consultaweb.org\/wordpress\/?page_id=17' class='excerpt-more'>[&#8230;]<\/a><\/p>\n","protected":false},"author":2,"featured_media":0,"parent":0,"menu_order":0,"comment_status":"open","ping_status":"closed","template":"","meta":{"footnotes":""},"class_list":["post-17","page","type-page","status-publish","hentry","post-seq-1","post-parity-odd","meta-position-corners","fix"],"jetpack_sharing_enabled":true,"jetpack_shortlink":"https:\/\/wp.me\/P4G9U9-h","_links":{"self":[{"href":"https:\/\/auto.consultaweb.org\/wordpress\/index.php?rest_route=\/wp\/v2\/pages\/17","targetHints":{"allow":["GET"]}}],"collection":[{"href":"https:\/\/auto.consultaweb.org\/wordpress\/index.php?rest_route=\/wp\/v2\/pages"}],"about":[{"href":"https:\/\/auto.consultaweb.org\/wordpress\/index.php?rest_route=\/wp\/v2\/types\/page"}],"author":[{"embeddable":true,"href":"https:\/\/auto.consultaweb.org\/wordpress\/index.php?rest_route=\/wp\/v2\/users\/2"}],"replies":[{"embeddable":true,"href":"https:\/\/auto.consultaweb.org\/wordpress\/index.php?rest_route=%2Fwp%2Fv2%2Fcomments&post=17"}],"version-history":[{"count":19,"href":"https:\/\/auto.consultaweb.org\/wordpress\/index.php?rest_route=\/wp\/v2\/pages\/17\/revisions"}],"predecessor-version":[{"id":354,"href":"https:\/\/auto.consultaweb.org\/wordpress\/index.php?rest_route=\/wp\/v2\/pages\/17\/revisions\/354"}],"wp:attachment":[{"href":"https:\/\/auto.consultaweb.org\/wordpress\/index.php?rest_route=%2Fwp%2Fv2%2Fmedia&parent=17"}],"curies":[{"name":"wp","href":"https:\/\/api.w.org\/{rel}","templated":true}]}}