
{"id":164,"date":"2014-05-25T06:38:37","date_gmt":"2014-05-25T06:38:37","guid":{"rendered":"http:\/\/auto.consultaweb.org\/wordpress\/?page_id=164"},"modified":"2015-04-28T11:30:29","modified_gmt":"2015-04-28T11:30:29","slug":"las-consultas","status":"publish","type":"page","link":"https:\/\/auto.consultaweb.org\/wordpress\/?page_id=164","title":{"rendered":"Las Consultas"},"content":{"rendered":"<table width=\"800\" cellspacing=\"5\" cellpadding=\"5\">\n<tbody>\n<tr>\n<td style=\"text-align: justify;\">Esta web est\u00e1 orientada a la difusi\u00f3n y apoyo de herramientas de participaci\u00f3n ciudadana y en concreto a una en particular que hemos dado en llamar \u00abautoconsultas Appgree\u00bb. Aqu\u00ed puede consultarse el calendario de las que se han ido proponiendo, proponer otras o apoyar cualquiera de las propuestas de otras. Complementariamente se muestran antecedentes de otras iniciativas previas o similares en torno a la democracia digital:<\/td>\n<\/tr>\n<tr>\n<td style=\"text-align: justify;\">En <strong>CALENDARIO DE CONSULTAS<\/strong> se muestra la agenda de futuros eventos de autoconsultas.<\/td>\n<\/tr>\n<tr>\n<td style=\"text-align: justify;\">En <strong>PROP\u00d3N O APOYA UNA CONSULTA<\/strong> se ofrece un formulario donde cualquiera puede proponer (o apoyar) una consulta. Este ser\u00e1 el arranque para las primeras puesto que, una vez en marcha, se usar\u00e1n las propias autoconsultas para hacer esas propuestas.<\/td>\n<\/tr>\n<tr>\n<td style=\"text-align: justify;\">En <strong>ANTECEDENTES<\/strong> se rinde tributo y se da noticia de algunas consultas ya realizadas en este pa\u00eds (Sanidad, Educaci\u00f3n, etc) y que han supuesto un ejemplo, un hito o un acicate para mejorarlas.<\/td>\n<\/tr>\n<tr>\n<td style=\"text-align: justify;\">En <strong>INICIATIVAS\u00a0SIMILARES<\/strong>\u00a0mostramos algunas\u00a0ideas, propuestas o herramientas provenientes de cualquier parte del mundo pero que van en la misma direcci\u00f3n de la democracia digital e inteligencia colectiva.<\/td>\n<\/tr>\n<\/tbody>\n<\/table>\n","protected":false},"excerpt":{"rendered":"<p>Esta web est\u00e1 orientada a la difusi\u00f3n y apoyo de herramientas de participaci\u00f3n ciudadana y en concreto a una en particular que hemos dado en llamar \u00abautoconsultas Appgree\u00bb. Aqu\u00ed puede consultarse el calendario de las que se han ido proponiendo, proponer otras o apoyar cualquiera de las propuestas de otras. Complementariamente se muestran antecedentes de <a href='https:\/\/auto.consultaweb.org\/wordpress\/?page_id=164' class='excerpt-more'>[&#8230;]<\/a><\/p>\n","protected":false},"author":2,"featured_media":0,"parent":0,"menu_order":0,"comment_status":"closed","ping_status":"closed","template":"","meta":{"footnotes":""},"class_list":["post-164","page","type-page","status-publish","hentry","post-seq-1","post-parity-odd","meta-position-corners","fix"],"jetpack_sharing_enabled":true,"jetpack_shortlink":"https:\/\/wp.me\/P4G9U9-2E","_links":{"self":[{"href":"https:\/\/auto.consultaweb.org\/wordpress\/index.php?rest_route=\/wp\/v2\/pages\/164","targetHints":{"allow":["GET"]}}],"collection":[{"href":"https:\/\/auto.consultaweb.org\/wordpress\/index.php?rest_route=\/wp\/v2\/pages"}],"about":[{"href":"https:\/\/auto.consultaweb.org\/wordpress\/index.php?rest_route=\/wp\/v2\/types\/page"}],"author":[{"embeddable":true,"href":"https:\/\/auto.consultaweb.org\/wordpress\/index.php?rest_route=\/wp\/v2\/users\/2"}],"replies":[{"embeddable":true,"href":"https:\/\/auto.consultaweb.org\/wordpress\/index.php?rest_route=%2Fwp%2Fv2%2Fcomments&post=164"}],"version-history":[{"count":5,"href":"https:\/\/auto.consultaweb.org\/wordpress\/index.php?rest_route=\/wp\/v2\/pages\/164\/revisions"}],"predecessor-version":[{"id":279,"href":"https:\/\/auto.consultaweb.org\/wordpress\/index.php?rest_route=\/wp\/v2\/pages\/164\/revisions\/279"}],"wp:attachment":[{"href":"https:\/\/auto.consultaweb.org\/wordpress\/index.php?rest_route=%2Fwp%2Fv2%2Fmedia&parent=164"}],"curies":[{"name":"wp","href":"https:\/\/api.w.org\/{rel}","templated":true}]}}